{"id":9,"date":"2020-06-02T14:29:04","date_gmt":"2020-06-02T12:29:04","guid":{"rendered":"http:\/\/www.moeller-karlum.de\/?page_id=9"},"modified":"2021-06-14T16:05:51","modified_gmt":"2021-06-14T14:05:51","slug":"startseite","status":"publish","type":"page","link":"https:\/\/www.moeller-karlum.de\/","title":{"rendered":"Startseite"},"content":{"rendered":"\n<figure class=\"wp-block-image alignfull size-large\"><img loading=\"lazy\" decoding=\"async\" width=\"1024\" height=\"292\" src=\"http:\/\/www.moeller-karlum.de\/wp-content\/uploads\/2020\/07\/header-1024x292.png\" alt=\"\" class=\"wp-image-138\" srcset=\"https:\/\/www.moeller-karlum.de\/wp-content\/uploads\/2020\/07\/header-1024x292.png 1024w, https:\/\/www.moeller-karlum.de\/wp-content\/uploads\/2020\/07\/header-300x85.png 300w, https:\/\/www.moeller-karlum.de\/wp-content\/uploads\/2020\/07\/header-768x219.png 768w, https:\/\/www.moeller-karlum.de\/wp-content\/uploads\/2020\/07\/header-1600x456.png 1600w, https:\/\/www.moeller-karlum.de\/wp-content\/uploads\/2020\/07\/header-1536x438.png 1536w, https:\/\/www.moeller-karlum.de\/wp-content\/uploads\/2020\/07\/header-2048x583.png 2048w, https:\/\/www.moeller-karlum.de\/wp-content\/uploads\/2020\/07\/header-800x228.png 800w\" sizes=\"(max-width: 1024px) 100vw, 1024px\" \/><\/figure>\n\n\n\n<div class=\"alignwide wp-block-ugb-container ugb-container ugb-container--width-small ugb-7cdde4d ugb-container--v2 ugb-container--design-plain ugb-main-block\"><style>.ugb-7cdde4d .ugb-inner-block{text-align:center}<\/style><div class=\"ugb-inner-block\"><div class=\"ugb-block-content\"><div class=\"ugb-container__wrapper ugb-7cdde4d-wrapper\"><div class=\"ugb-container__side\"><div class=\"ugb-container__content-wrapper ugb-7cdde4d-content-wrapper\">\n<div class=\"alignfull wp-block-ugb-columns ugb-columns ugb-900b646 ugb-columns--design-plain ugb-columns--columns-2 ugb-main-block ugb-main-block--inner-wide ugb--has-block-background\"><style>.ugb-900b646 > .ugb-inner-block > .ugb-block-content > .ugb-columns__item{grid-template-columns:0.90fr 1.12fr !important}.ugb-900b646.ugb-columns{background-color:rgba(255,255,255,0.9)}.ugb-900b646.ugb-columns:before{background-color:#ffffff}<\/style><div class=\"ugb-inner-block ugb-inner-block--wide\"><div class=\"ugb-block-content\"><div class=\"ugb-columns__item ugb-900b646-content-wrapper\">\n<div class=\"wp-block-ugb-column ugb-column ugb-1056c21 ugb-column--design-plain ugb-main-block\"><div class=\"ugb-inner-block\"><div class=\"ugb-block-content\"><div class=\"ugb-column__item ugb-1056c21-column-wrapper\"><div class=\"ugb-column__content-wrapper\">\n<h3 class=\"wp-block-heading\"><br><br>Hallo und herzlich Willkommen im Familienbetrieb M\u00f6ller<\/h3>\n\n\n\n<p class=\"has-text-align-left\"><br>hochwertige Garten- und Forstger\u00e4te der besten Marken (STIHL, Viking, Sabo oder Cub Cadet) sind unser Fachgebiet. Von Reparatur \u00fcber Akku- Gartentechnik zu M\u00e4hrobotern- seit Jahren bieten wir ein ein breites Sortiment der verschiedenen Leistungen an. Rufen Sie uns an oder besuchen Sie uns vor Ort. Wir helfen Ihnen gerne weiter.<\/p>\n<\/div><\/div><\/div><\/div><\/div>\n\n\n\n<div class=\"wp-block-ugb-column ugb-column ugb-19b69f1 ugb-column--design-plain ugb-main-block\"><div class=\"ugb-inner-block\"><div class=\"ugb-block-content\"><div class=\"ugb-column__item ugb-19b69f1-column-wrapper\"><div class=\"ugb-column__content-wrapper\">\n<figure class=\"wp-block-image size-large is-resized\"><img loading=\"lazy\" decoding=\"async\" src=\"https:\/\/www.moeller-karlum.de\/wp-content\/uploads\/2020\/07\/file7_image_fbpost_85_0_Seite1-1024x536.png\" alt=\"\" class=\"wp-image-92\" width=\"560\" height=\"292\" srcset=\"https:\/\/www.moeller-karlum.de\/wp-content\/uploads\/2020\/07\/file7_image_fbpost_85_0_Seite1-1024x536.png 1024w, https:\/\/www.moeller-karlum.de\/wp-content\/uploads\/2020\/07\/file7_image_fbpost_85_0_Seite1-300x157.png 300w, https:\/\/www.moeller-karlum.de\/wp-content\/uploads\/2020\/07\/file7_image_fbpost_85_0_Seite1-768x402.png 768w, https:\/\/www.moeller-karlum.de\/wp-content\/uploads\/2020\/07\/file7_image_fbpost_85_0_Seite1-764x400.png 764w, https:\/\/www.moeller-karlum.de\/wp-content\/uploads\/2020\/07\/file7_image_fbpost_85_0_Seite1.png 1200w\" sizes=\"(max-width: 560px) 100vw, 560px\" \/><\/figure>\n<\/div><\/div><\/div><\/div><\/div>\n<\/div><\/div><\/div><\/div>\n\n\n\n<div class=\"alignfull wp-block-ugb-columns ugb-columns ugb-2b884c9 ugb-columns--design-plain ugb-columns--columns-2 ugb-main-block ugb-main-block--inner-wide ugb--has-block-background\"><style>.ugb-2b884c9 > .ugb-inner-block > .ugb-block-content > .ugb-columns__item{grid-template-columns:1.00fr 0.80fr !important}.ugb-2b884c9.ugb-columns{background-color:rgba(255,255,255,0.9)}.ugb-2b884c9.ugb-columns:before{background-color:#ffffff}<\/style><div class=\"ugb-inner-block ugb-inner-block--wide\"><div class=\"ugb-block-content\"><div class=\"ugb-columns__item ugb-2b884c9-content-wrapper\">\n<div class=\"wp-block-ugb-column ugb-column ugb-40faf95 ugb-column--design-plain ugb-main-block\"><div class=\"ugb-inner-block\"><div class=\"ugb-block-content\"><div class=\"ugb-column__item ugb-40faf95-column-wrapper\"><div class=\"ugb-column__content-wrapper\">\n<figure class=\"wp-block-image alignwide size-large is-style-default\"><img loading=\"lazy\" decoding=\"async\" width=\"1024\" height=\"683\" src=\"https:\/\/www.moeller-karlum.de\/wp-content\/uploads\/2020\/07\/DV-MOTIVE_2020-IM019-1024x683.png\" alt=\"Rashenm\u00e4her\" class=\"wp-image-185\" srcset=\"https:\/\/www.moeller-karlum.de\/wp-content\/uploads\/2020\/07\/DV-MOTIVE_2020-IM019-1024x683.png 1024w, https:\/\/www.moeller-karlum.de\/wp-content\/uploads\/2020\/07\/DV-MOTIVE_2020-IM019-300x200.png 300w, https:\/\/www.moeller-karlum.de\/wp-content\/uploads\/2020\/07\/DV-MOTIVE_2020-IM019-768x512.png 768w, https:\/\/www.moeller-karlum.de\/wp-content\/uploads\/2020\/07\/DV-MOTIVE_2020-IM019-1600x1067.png 1600w, https:\/\/www.moeller-karlum.de\/wp-content\/uploads\/2020\/07\/DV-MOTIVE_2020-IM019-1536x1024.png 1536w, https:\/\/www.moeller-karlum.de\/wp-content\/uploads\/2020\/07\/DV-MOTIVE_2020-IM019-600x400.png 600w, https:\/\/www.moeller-karlum.de\/wp-content\/uploads\/2020\/07\/DV-MOTIVE_2020-IM019.png 2040w\" sizes=\"(max-width: 1024px) 100vw, 1024px\" \/><\/figure>\n<\/div><\/div><\/div><\/div><\/div>\n\n\n\n<div class=\"wp-block-ugb-column ugb-column ugb-1561b63 ugb-column--design-plain ugb-main-block\"><div class=\"ugb-inner-block\"><div class=\"ugb-block-content\"><div class=\"ugb-column__item ugb-1561b63-column-wrapper\"><div class=\"ugb-column__content-wrapper\">\n<h4 class=\"wp-block-heading\">\u00d6ffnungszeiten:<\/h4>\n\n\n\n<p class=\"has-text-align-left\">Montag \u2013 Freitag: 08:00 \u2013 12:00 Uhr<br>13:00 \u2013 17:00 Uhr<br>Samstag: 09:00 \u2013 12:00 Uhr<\/p>\n<\/div><\/div><\/div><\/div><\/div>\n<\/div><\/div><\/div><\/div>\n<\/div><\/div><\/div><\/div><\/div><\/div>\n\n\n\n<p><\/p>\n","protected":false},"excerpt":{"rendered":"<p>Hallo und herzlich Willkommen im Familienbetrieb M\u00f6ller hochwertige Garten- und Forstger\u00e4te der besten Marken (STIHL, Viking, Sabo oder Cub Cadet) sind unser Fachgebiet. Von Reparatur \u00fcber Akku- Gartentechnik zu M\u00e4hrobotern- seit Jahren bieten wir ein ein breites Sortiment der verschiedenen Leistungen an. Rufen Sie uns an oder besuchen Sie uns vor Ort. Wir helfen Ihnen [&hellip;]<\/p>\n","protected":false},"author":1,"featured_media":0,"parent":0,"menu_order":0,"comment_status":"closed","ping_status":"closed","template":"","meta":{"_uag_custom_page_level_css":"","footnotes":""},"class_list":["post-9","page","type-page","status-publish","hentry"],"featured_image_urls_v2":{"full":"","thumbnail":"","medium":"","medium_large":"","large":"","gs-tiny":"","xl":"","xxl":"","xxxl":"","xxxxl":"","xxxxxl":"","1536x1536":"","2048x2048":"","blog-large":"","blog-small":""},"post_excerpt_stackable_v2":"<p>Hallo und herzlich Willkommen im Familienbetrieb M\u00f6ller hochwertige Garten- und Forstger\u00e4te der besten Marken (STIHL, Viking, Sabo oder Cub Cadet) sind unser Fachgebiet. Von Reparatur \u00fcber Akku- Gartentechnik zu M\u00e4hrobotern- seit Jahren bieten wir ein ein breites Sortiment der verschiedenen Leistungen an. Rufen Sie uns an oder besuchen Sie uns vor Ort. Wir helfen Ihnen gerne weiter. \u00d6ffnungszeiten: Montag \u2013 Freitag: 08:00 \u2013 12:00 Uhr13:00 \u2013 17:00 UhrSamstag: 09:00 \u2013 12:00 Uhr<\/p>\n","category_list_v2":"","author_info_v2":{"name":"admin","url":"https:\/\/www.moeller-karlum.de\/index.php\/author\/admin\/"},"comments_num_v2":"0 comments","uagb_featured_image_src":{"full":false,"thumbnail":false,"medium":false,"medium_large":false,"large":false,"gs-tiny":false,"xl":false,"xxl":false,"xxxl":false,"xxxxl":false,"xxxxxl":false,"1536x1536":false,"2048x2048":false,"blog-large":false,"blog-small":false},"uagb_author_info":{"display_name":"admin","author_link":"https:\/\/www.moeller-karlum.de\/index.php\/author\/admin\/"},"uagb_comment_info":0,"uagb_excerpt":"Hallo und herzlich Willkommen im Familienbetrieb M\u00f6ller hochwertige Garten- und Forstger\u00e4te der besten Marken (STIHL, Viking, Sabo oder Cub Cadet) sind unser Fachgebiet. Von Reparatur \u00fcber Akku- Gartentechnik zu M\u00e4hrobotern- seit Jahren bieten wir ein ein breites Sortiment der verschiedenen Leistungen an. Rufen Sie uns an oder besuchen Sie uns vor Ort. Wir helfen Ihnen&hellip;","_links":{"self":[{"href":"https:\/\/www.moeller-karlum.de\/index.php\/wp-json\/wp\/v2\/pages\/9"}],"collection":[{"href":"https:\/\/www.moeller-karlum.de\/index.php\/wp-json\/wp\/v2\/pages"}],"about":[{"href":"https:\/\/www.moeller-karlum.de\/index.php\/wp-json\/wp\/v2\/types\/page"}],"author":[{"embeddable":true,"href":"https:\/\/www.moeller-karlum.de\/index.php\/wp-json\/wp\/v2\/users\/1"}],"replies":[{"embeddable":true,"href":"https:\/\/www.moeller-karlum.de\/index.php\/wp-json\/wp\/v2\/comments?post=9"}],"version-history":[{"count":38,"href":"https:\/\/www.moeller-karlum.de\/index.php\/wp-json\/wp\/v2\/pages\/9\/revisions"}],"predecessor-version":[{"id":297,"href":"https:\/\/www.moeller-karlum.de\/index.php\/wp-json\/wp\/v2\/pages\/9\/revisions\/297"}],"wp:attachment":[{"href":"https:\/\/www.moeller-karlum.de\/index.php\/wp-json\/wp\/v2\/media?parent=9"}],"curies":[{"name":"wp","href":"https:\/\/api.w.org\/{rel}","templated":true}]}}